{"id":111,"date":"2025-01-23T03:32:35","date_gmt":"2025-01-23T02:32:35","guid":{"rendered":"https:\/\/redoxconnect.org\/?page_id=111"},"modified":"2025-05-22T15:44:20","modified_gmt":"2025-05-22T13:44:20","slug":"acheter-asea","status":"publish","type":"page","link":"https:\/\/redoxconnect.org\/index.php\/acheter-asea\/","title":{"rendered":"Acheter Asea"},"content":{"rendered":"\n<p>Nos produits Asea sont <strong>garantis satisfait ou rembours\u00e9, 30 jours<\/strong>, lorsqu&#8217;ils sont achet\u00e9s au sein du r\u00e9seau de distribution Asea. Vous \u00eates au bon endroit.<\/p>\n\n\n\n<div>\n  <input type=\"text\" id=\"nom\" placeholder=\"Entrez le nom et le pr\u00e9nom de la personne qui vous a parl\u00e9 d'Asea. Sinon tapez autre.\">\n  <button onclick=\"rechercherUrl()\">Rechercher<\/button>\n  <p id=\"resultat\"><\/p>\n<\/div>\n\n<script>\n  function normaliserTexte(texte) {\n    return texte\n      .toLowerCase()\n      .normalize(\"NFD\")\n      .replace(\/[\\u0300-\\u036f]\/g, \"\")\n      .replace(\/[-\\s]\/g, \"\");\n  }\n\n  function variantesNom(nomComplet) {\n    const nomSansAccent = nomComplet\n      .toLowerCase()\n      .normalize(\"NFD\")\n      .replace(\/[\\u0300-\\u036f]\/g, \"\");\n    \n    const parties = nomSansAccent.trim().split(\/\\s+\/);\n    const normalise = (arr) => normaliserTexte(arr.join(\" \"));\n\n    if (parties.length >= 2) {\n      const original = normalise(parties);\n      const inverse = normalise([parties[1], parties[0]]);\n      return [original, inverse];\n    } else {\n      return [normaliserTexte(nomComplet)];\n    }\n  }\n\n  async function rechercherUrl() {\n    const saisieBrute = document.getElementById(\"nom\").value.trim();\n    const variantesSaisie = variantesNom(saisieBrute);\n    const resultat = document.getElementById(\"resultat\");\n\n    try {\n      const res = await fetch(\"https:\/\/docs.google.com\/spreadsheets\/d\/e\/2PACX-1vQRh1FBDu1aipXvrzCeewb7ty-0VyLASXwgAlqjn7Vyz9DZuPhXMtU_LFJbuhxrkd-l7rozjbqHHlK9\/pub?gid=0&single=true&output=csv\");\n      const texte = await res.text();\n      const lignes = texte.split(\"\\n\").slice(1);\n\n      const data = lignes.map(ligne => {\n        const [nom, url] = ligne.split(\",\");\n        return {\n          nomAffiche: nom.trim(),\n          nomNormalise: variantesNom(nom),\n          url: url.trim()\n        };\n      });\n\n      const match = data.find(item =>\n        item.nomNormalise.some(variant => variantesSaisie.includes(variant))\n      );\n\n      const urlFallback = \"https:\/\/shop.aseaglobal.com\/products?sponsorId=A8SSA2HII3&at=true&m=25\";\n      const nomFallback = \"Vianney Vandame\";\n\n      const finalNom = match ? match.nomAffiche : nomFallback;\n      const finalUrl = match ? match.url : urlFallback;\n\n      resultat.innerHTML = `\n        Vous allez \u00eatre redirig\u00e9 <a href=\"${finalUrl}\" target=\"_blank\">vers la boutique de <strong>${finalNom}<\/strong><\/a>.\n      `;\n    } catch (error) {\n      resultat.innerHTML = \"Erreur lors du chargement des donn\u00e9es.\";\n      console.error(\"Erreur fetch Google Sheets :\", error);\n    }\n  }\n<\/script>\n\n\n\n\n<figure class=\"wp-block-gallery has-nested-images columns-default is-cropped wp-block-gallery-1 is-layout-flex wp-block-gallery-is-layout-flex\">\n<figure class=\"wp-block-image size-large\"><img loading=\"lazy\" decoding=\"async\" width=\"683\" height=\"1024\" data-id=\"264\" src=\"https:\/\/redoxconnect.org\/wp-content\/uploads\/2025\/01\/RENUAdvanced-Lifestyle-1-US-2-683x1024.jpg\" alt=\"\" class=\"wp-image-264\" srcset=\"https:\/\/redoxconnect.org\/wp-content\/uploads\/2025\/01\/RENUAdvanced-Lifestyle-1-US-2-683x1024.jpg 683w, https:\/\/redoxconnect.org\/wp-content\/uploads\/2025\/01\/RENUAdvanced-Lifestyle-1-US-2-200x300.jpg 200w, https:\/\/redoxconnect.org\/wp-content\/uploads\/2025\/01\/RENUAdvanced-Lifestyle-1-US-2.jpg 1000w\" sizes=\"auto, (max-width: 683px) 100vw, 683px\" \/><\/figure>\n\n\n\n<figure class=\"wp-block-image size-large\"><img loading=\"lazy\" decoding=\"async\" width=\"682\" height=\"1024\" data-id=\"263\" src=\"https:\/\/redoxconnect.org\/wp-content\/uploads\/2025\/01\/EU-ASEA-Hands-Opening-Bottle-WEB-2-682x1024.jpg\" alt=\"\" class=\"wp-image-263\" srcset=\"https:\/\/redoxconnect.org\/wp-content\/uploads\/2025\/01\/EU-ASEA-Hands-Opening-Bottle-WEB-2-682x1024.jpg 682w, https:\/\/redoxconnect.org\/wp-content\/uploads\/2025\/01\/EU-ASEA-Hands-Opening-Bottle-WEB-2-200x300.jpg 200w, https:\/\/redoxconnect.org\/wp-content\/uploads\/2025\/01\/EU-ASEA-Hands-Opening-Bottle-WEB-2.jpg 713w\" sizes=\"auto, (max-width: 682px) 100vw, 682px\" \/><\/figure>\n\n\n\n<figure class=\"wp-block-image size-large\"><img loading=\"lazy\" decoding=\"async\" width=\"647\" height=\"970\" data-id=\"268\" src=\"https:\/\/redoxconnect.org\/wp-content\/uploads\/2025\/01\/Radiance-Shareable-Usage-1080x1080-EU-FR.jpg\" alt=\"\" class=\"wp-image-268\" srcset=\"https:\/\/redoxconnect.org\/wp-content\/uploads\/2025\/01\/Radiance-Shareable-Usage-1080x1080-EU-FR.jpg 647w, https:\/\/redoxconnect.org\/wp-content\/uploads\/2025\/01\/Radiance-Shareable-Usage-1080x1080-EU-FR-200x300.jpg 200w\" sizes=\"auto, (max-width: 647px) 100vw, 647px\" \/><\/figure>\n\n\n\n<figure class=\"wp-block-image size-large\"><img loading=\"lazy\" decoding=\"async\" width=\"1024\" height=\"683\" data-id=\"241\" src=\"https:\/\/redoxconnect.org\/wp-content\/uploads\/2025\/01\/RENUAdvanced-Cleanser-Lady-Holding-on-White-1024x683.jpg\" alt=\"\" class=\"wp-image-241\" srcset=\"https:\/\/redoxconnect.org\/wp-content\/uploads\/2025\/01\/RENUAdvanced-Cleanser-Lady-Holding-on-White-1024x683.jpg 1024w, https:\/\/redoxconnect.org\/wp-content\/uploads\/2025\/01\/RENUAdvanced-Cleanser-Lady-Holding-on-White-300x200.jpg 300w, https:\/\/redoxconnect.org\/wp-content\/uploads\/2025\/01\/RENUAdvanced-Cleanser-Lady-Holding-on-White-2000x1333.jpg 2000w\" sizes=\"auto, (max-width: 1024px) 100vw, 1024px\" \/><\/figure>\n\n\n\n<figure class=\"wp-block-image size-large\"><img loading=\"lazy\" decoding=\"async\" width=\"705\" height=\"1024\" data-id=\"254\" src=\"https:\/\/redoxconnect.org\/wp-content\/uploads\/2025\/01\/dermatest-705x1024.jpg\" alt=\"\" class=\"wp-image-254\" srcset=\"https:\/\/redoxconnect.org\/wp-content\/uploads\/2025\/01\/dermatest-705x1024.jpg 705w, https:\/\/redoxconnect.org\/wp-content\/uploads\/2025\/01\/dermatest-207x300.jpg 207w, https:\/\/redoxconnect.org\/wp-content\/uploads\/2025\/01\/dermatest.jpg 1094w\" sizes=\"auto, (max-width: 705px) 100vw, 705px\" \/><\/figure>\n\n\n\n<figure class=\"wp-block-image size-large\"><img loading=\"lazy\" decoding=\"async\" width=\"1024\" height=\"1024\" data-id=\"236\" src=\"https:\/\/redoxconnect.org\/wp-content\/uploads\/2025\/01\/RENUAdvanced-Textures-US-1-1024x1024.jpg\" alt=\"\" class=\"wp-image-236\" srcset=\"https:\/\/redoxconnect.org\/wp-content\/uploads\/2025\/01\/RENUAdvanced-Textures-US-1-1024x1024.jpg 1024w, https:\/\/redoxconnect.org\/wp-content\/uploads\/2025\/01\/RENUAdvanced-Textures-US-1-300x300.jpg 300w, https:\/\/redoxconnect.org\/wp-content\/uploads\/2025\/01\/RENUAdvanced-Textures-US-1-150x150.jpg 150w, https:\/\/redoxconnect.org\/wp-content\/uploads\/2025\/01\/RENUAdvanced-Textures-US-1.jpg 1500w\" sizes=\"auto, (max-width: 1024px) 100vw, 1024px\" \/><\/figure>\n\n\n\n<figure class=\"wp-block-image size-large\"><img loading=\"lazy\" decoding=\"async\" width=\"1024\" height=\"819\" data-id=\"221\" src=\"https:\/\/redoxconnect.org\/wp-content\/uploads\/2025\/01\/RENU28-Sample-Tubes-1024x819.jpg\" alt=\"\" class=\"wp-image-221\" srcset=\"https:\/\/redoxconnect.org\/wp-content\/uploads\/2025\/01\/RENU28-Sample-Tubes-1024x819.jpg 1024w, https:\/\/redoxconnect.org\/wp-content\/uploads\/2025\/01\/RENU28-Sample-Tubes-300x240.jpg 300w, https:\/\/redoxconnect.org\/wp-content\/uploads\/2025\/01\/RENU28-Sample-Tubes.jpg 1717w\" sizes=\"auto, (max-width: 1024px) 100vw, 1024px\" \/><\/figure>\n<\/figure>\n\n\n\n<p><\/p>\n","protected":false},"excerpt":{"rendered":"<p>Nos produits Asea sont garantis satisfait ou rembours\u00e9, 30 jours, lorsqu&#8217;ils sont achet\u00e9s au sein du r\u00e9seau de distribution Asea. Vous \u00eates au bon endroit. Rechercher<\/p>\n","protected":false},"author":1,"featured_media":0,"parent":0,"menu_order":0,"comment_status":"closed","ping_status":"closed","template":"","meta":{"_acf_changed":false,"inspiro_hide_title":false,"footnotes":""},"class_list":["post-111","page","type-page","status-publish","hentry"],"acf":[],"yoast_head":"<!-- This site is optimized with the Yoast SEO plugin v24.3 - https:\/\/yoast.com\/wordpress\/plugins\/seo\/ -->\n<title>Acheter Asea - RedoxConnect<\/title>\n<meta name=\"robots\" content=\"index, follow, max-snippet:-1, max-image-preview:large, max-video-preview:-1\" \/>\n<link rel=\"canonical\" href=\"https:\/\/redoxconnect.org\/index.php\/acheter-asea\/\" \/>\n<meta property=\"og:locale\" content=\"en_US\" \/>\n<meta property=\"og:type\" content=\"article\" \/>\n<meta property=\"og:title\" content=\"Acheter Asea - RedoxConnect\" \/>\n<meta property=\"og:description\" content=\"Nos produits Asea sont garantis satisfait ou rembours\u00e9, 30 jours, lorsqu&#8217;ils sont achet\u00e9s au sein du r\u00e9seau de distribution Asea. Vous \u00eates au bon endroit. Rechercher\" \/>\n<meta property=\"og:url\" content=\"https:\/\/redoxconnect.org\/index.php\/acheter-asea\/\" \/>\n<meta property=\"og:site_name\" content=\"RedoxConnect\" \/>\n<meta property=\"article:modified_time\" content=\"2025-05-22T13:44:20+00:00\" \/>\n<meta property=\"og:image\" content=\"https:\/\/redoxconnect.org\/wp-content\/uploads\/2025\/01\/RENUAdvanced-Lifestyle-1-US-2.jpg\" \/>\n\t<meta property=\"og:image:width\" content=\"1000\" \/>\n\t<meta property=\"og:image:height\" content=\"1500\" \/>\n\t<meta property=\"og:image:type\" content=\"image\/jpeg\" \/>\n<meta name=\"twitter:card\" content=\"summary_large_image\" \/>\n<meta name=\"twitter:label1\" content=\"Est. reading time\" \/>\n\t<meta name=\"twitter:data1\" content=\"2 minutes\" \/>\n<script type=\"application\/ld+json\" class=\"yoast-schema-graph\">{\"@context\":\"https:\/\/schema.org\",\"@graph\":[{\"@type\":\"WebPage\",\"@id\":\"https:\/\/redoxconnect.org\/index.php\/acheter-asea\/\",\"url\":\"https:\/\/redoxconnect.org\/index.php\/acheter-asea\/\",\"name\":\"Acheter Asea - RedoxConnect\",\"isPartOf\":{\"@id\":\"https:\/\/redoxconnect.org\/#website\"},\"primaryImageOfPage\":{\"@id\":\"https:\/\/redoxconnect.org\/index.php\/acheter-asea\/#primaryimage\"},\"image\":{\"@id\":\"https:\/\/redoxconnect.org\/index.php\/acheter-asea\/#primaryimage\"},\"thumbnailUrl\":\"https:\/\/redoxconnect.org\/wp-content\/uploads\/2025\/01\/RENUAdvanced-Lifestyle-1-US-2-683x1024.jpg\",\"datePublished\":\"2025-01-23T02:32:35+00:00\",\"dateModified\":\"2025-05-22T13:44:20+00:00\",\"breadcrumb\":{\"@id\":\"https:\/\/redoxconnect.org\/index.php\/acheter-asea\/#breadcrumb\"},\"inLanguage\":\"en-US\",\"potentialAction\":[{\"@type\":\"ReadAction\",\"target\":[\"https:\/\/redoxconnect.org\/index.php\/acheter-asea\/\"]}]},{\"@type\":\"ImageObject\",\"inLanguage\":\"en-US\",\"@id\":\"https:\/\/redoxconnect.org\/index.php\/acheter-asea\/#primaryimage\",\"url\":\"https:\/\/redoxconnect.org\/wp-content\/uploads\/2025\/01\/RENUAdvanced-Lifestyle-1-US-2.jpg\",\"contentUrl\":\"https:\/\/redoxconnect.org\/wp-content\/uploads\/2025\/01\/RENUAdvanced-Lifestyle-1-US-2.jpg\",\"width\":1000,\"height\":1500},{\"@type\":\"BreadcrumbList\",\"@id\":\"https:\/\/redoxconnect.org\/index.php\/acheter-asea\/#breadcrumb\",\"itemListElement\":[{\"@type\":\"ListItem\",\"position\":1,\"name\":\"Accueil\",\"item\":\"https:\/\/redoxconnect.org\/\"},{\"@type\":\"ListItem\",\"position\":2,\"name\":\"Acheter Asea\"}]},{\"@type\":\"WebSite\",\"@id\":\"https:\/\/redoxconnect.org\/#website\",\"url\":\"https:\/\/redoxconnect.org\/\",\"name\":\"RedoxConnect\",\"description\":\"Une approche holistique pour un bien \u00eatre total\",\"publisher\":{\"@id\":\"https:\/\/redoxconnect.org\/#organization\"},\"potentialAction\":[{\"@type\":\"SearchAction\",\"target\":{\"@type\":\"EntryPoint\",\"urlTemplate\":\"https:\/\/redoxconnect.org\/?s={search_term_string}\"},\"query-input\":{\"@type\":\"PropertyValueSpecification\",\"valueRequired\":true,\"valueName\":\"search_term_string\"}}],\"inLanguage\":\"en-US\"},{\"@type\":\"Organization\",\"@id\":\"https:\/\/redoxconnect.org\/#organization\",\"name\":\"RedoxConnect\",\"url\":\"https:\/\/redoxconnect.org\/\",\"logo\":{\"@type\":\"ImageObject\",\"inLanguage\":\"en-US\",\"@id\":\"https:\/\/redoxconnect.org\/#\/schema\/logo\/image\/\",\"url\":\"https:\/\/redoxconnect.org\/wp-content\/uploads\/2025\/02\/logo-redox-connect-2_1.jpg\",\"contentUrl\":\"https:\/\/redoxconnect.org\/wp-content\/uploads\/2025\/02\/logo-redox-connect-2_1.jpg\",\"caption\":\"RedoxConnect\"},\"image\":{\"@id\":\"https:\/\/redoxconnect.org\/#\/schema\/logo\/image\/\"}}]}<\/script>\n<!-- \/ Yoast SEO plugin. -->","yoast_head_json":{"title":"Acheter Asea - RedoxConnect","robots":{"index":"index","follow":"follow","max-snippet":"max-snippet:-1","max-image-preview":"max-image-preview:large","max-video-preview":"max-video-preview:-1"},"canonical":"https:\/\/redoxconnect.org\/index.php\/acheter-asea\/","og_locale":"en_US","og_type":"article","og_title":"Acheter Asea - RedoxConnect","og_description":"Nos produits Asea sont garantis satisfait ou rembours\u00e9, 30 jours, lorsqu&#8217;ils sont achet\u00e9s au sein du r\u00e9seau de distribution Asea. Vous \u00eates au bon endroit. Rechercher","og_url":"https:\/\/redoxconnect.org\/index.php\/acheter-asea\/","og_site_name":"RedoxConnect","article_modified_time":"2025-05-22T13:44:20+00:00","og_image":[{"width":1000,"height":1500,"url":"https:\/\/redoxconnect.org\/wp-content\/uploads\/2025\/01\/RENUAdvanced-Lifestyle-1-US-2.jpg","type":"image\/jpeg"}],"twitter_card":"summary_large_image","twitter_misc":{"Est. reading time":"2 minutes"},"schema":{"@context":"https:\/\/schema.org","@graph":[{"@type":"WebPage","@id":"https:\/\/redoxconnect.org\/index.php\/acheter-asea\/","url":"https:\/\/redoxconnect.org\/index.php\/acheter-asea\/","name":"Acheter Asea - RedoxConnect","isPartOf":{"@id":"https:\/\/redoxconnect.org\/#website"},"primaryImageOfPage":{"@id":"https:\/\/redoxconnect.org\/index.php\/acheter-asea\/#primaryimage"},"image":{"@id":"https:\/\/redoxconnect.org\/index.php\/acheter-asea\/#primaryimage"},"thumbnailUrl":"https:\/\/redoxconnect.org\/wp-content\/uploads\/2025\/01\/RENUAdvanced-Lifestyle-1-US-2-683x1024.jpg","datePublished":"2025-01-23T02:32:35+00:00","dateModified":"2025-05-22T13:44:20+00:00","breadcrumb":{"@id":"https:\/\/redoxconnect.org\/index.php\/acheter-asea\/#breadcrumb"},"inLanguage":"en-US","potentialAction":[{"@type":"ReadAction","target":["https:\/\/redoxconnect.org\/index.php\/acheter-asea\/"]}]},{"@type":"ImageObject","inLanguage":"en-US","@id":"https:\/\/redoxconnect.org\/index.php\/acheter-asea\/#primaryimage","url":"https:\/\/redoxconnect.org\/wp-content\/uploads\/2025\/01\/RENUAdvanced-Lifestyle-1-US-2.jpg","contentUrl":"https:\/\/redoxconnect.org\/wp-content\/uploads\/2025\/01\/RENUAdvanced-Lifestyle-1-US-2.jpg","width":1000,"height":1500},{"@type":"BreadcrumbList","@id":"https:\/\/redoxconnect.org\/index.php\/acheter-asea\/#breadcrumb","itemListElement":[{"@type":"ListItem","position":1,"name":"Accueil","item":"https:\/\/redoxconnect.org\/"},{"@type":"ListItem","position":2,"name":"Acheter Asea"}]},{"@type":"WebSite","@id":"https:\/\/redoxconnect.org\/#website","url":"https:\/\/redoxconnect.org\/","name":"RedoxConnect","description":"Une approche holistique pour un bien \u00eatre total","publisher":{"@id":"https:\/\/redoxconnect.org\/#organization"},"potentialAction":[{"@type":"SearchAction","target":{"@type":"EntryPoint","urlTemplate":"https:\/\/redoxconnect.org\/?s={search_term_string}"},"query-input":{"@type":"PropertyValueSpecification","valueRequired":true,"valueName":"search_term_string"}}],"inLanguage":"en-US"},{"@type":"Organization","@id":"https:\/\/redoxconnect.org\/#organization","name":"RedoxConnect","url":"https:\/\/redoxconnect.org\/","logo":{"@type":"ImageObject","inLanguage":"en-US","@id":"https:\/\/redoxconnect.org\/#\/schema\/logo\/image\/","url":"https:\/\/redoxconnect.org\/wp-content\/uploads\/2025\/02\/logo-redox-connect-2_1.jpg","contentUrl":"https:\/\/redoxconnect.org\/wp-content\/uploads\/2025\/02\/logo-redox-connect-2_1.jpg","caption":"RedoxConnect"},"image":{"@id":"https:\/\/redoxconnect.org\/#\/schema\/logo\/image\/"}}]}},"_links":{"self":[{"href":"https:\/\/redoxconnect.org\/index.php\/wp-json\/wp\/v2\/pages\/111","targetHints":{"allow":["GET"]}}],"collection":[{"href":"https:\/\/redoxconnect.org\/index.php\/wp-json\/wp\/v2\/pages"}],"about":[{"href":"https:\/\/redoxconnect.org\/index.php\/wp-json\/wp\/v2\/types\/page"}],"author":[{"embeddable":true,"href":"https:\/\/redoxconnect.org\/index.php\/wp-json\/wp\/v2\/users\/1"}],"replies":[{"embeddable":true,"href":"https:\/\/redoxconnect.org\/index.php\/wp-json\/wp\/v2\/comments?post=111"}],"version-history":[{"count":32,"href":"https:\/\/redoxconnect.org\/index.php\/wp-json\/wp\/v2\/pages\/111\/revisions"}],"predecessor-version":[{"id":737,"href":"https:\/\/redoxconnect.org\/index.php\/wp-json\/wp\/v2\/pages\/111\/revisions\/737"}],"wp:attachment":[{"href":"https:\/\/redoxconnect.org\/index.php\/wp-json\/wp\/v2\/media?parent=111"}],"curies":[{"name":"wp","href":"https:\/\/api.w.org\/{rel}","templated":true}]}}