{"id":206,"date":"2025-01-27T15:26:55","date_gmt":"2025-01-27T14:26:55","guid":{"rendered":"https:\/\/redoxconnect.org\/?page_id=206"},"modified":"2025-02-06T12:48:35","modified_gmt":"2025-02-06T11:48:35","slug":"solutions-asea","status":"publish","type":"page","link":"https:\/\/redoxconnect.org\/index.php\/solutions-asea\/","title":{"rendered":"Solutions Asea"},"content":{"rendered":"\n<div class=\"wp-block-group alignfull pattern_multiple_covers has-background has-global-padding is-layout-constrained wp-block-group-is-layout-constrained\" id=\"services\" style=\"background-color:#f8f8f8\">\n<div style=\"height:84px\" aria-hidden=\"true\" class=\"wp-block-spacer\"><\/div>\n\n\n\n<h2 class=\"wp-block-heading has-text-align-left has-secondary-color has-text-color\"><strong>DECOUVERTE REVOLUTIONNAIRE<\/strong><\/h2>\n\n\n\n<h3 class=\"wp-block-heading has-text-align-left\">Notre diff\u00e9rence<\/h3>\n\n\n\n<p class=\"has-text-align-left\"><strong>ASEA est une r\u00e9volution car ses produits contiennent des&nbsp;mol\u00e9cules Redox,<\/strong> identiques \u00e0 celles produites naturellement par nos cellules vivantes. Ces mol\u00e9cules jouent un r\u00f4le cl\u00e9 dans la communication cellulaire et la r\u00e9g\u00e9n\u00e9ration.<\/p>\n\n\n\n<p>Lorsque vous consommez les produits ASEA, <strong>votre corps reconna\u00eet imm\u00e9diatement ces mol\u00e9cules comme les siennes puisqu&#8217;il fabrique lui aussi ces m\u00eames mol\u00e9cules<\/strong>. Votre corps peut donc les utiliser int\u00e9gralement et efficacement. <\/p>\n\n\n\n<p><strong>Contrairement aux compl\u00e9ments alimentaires traditionnels,<\/strong> qui n\u00e9cessitent un processus de digestion et de tri par l\u2019organisme pour extraire les nutriments n\u00e9cessaires, les mol\u00e9cules Redox agissent directement, soutenant vos cellules de mani\u00e8re optimale et naturelle.<\/p>\n\n\n\n<p class=\"has-text-align-left\"><strong>La pollution, le stress, l&#8217;\u00e2ge fait d\u00e9croitre la production de mol\u00e9cules redox de chacune de nos cellules.<\/strong> Pouvoir apporter \u00e0 son corps ces mol\u00e9cules, c&#8217;est lui donner la possibilit\u00e9 de d\u00e9jouer les effets de la pollution, du stress, de l&#8217;\u00e2ge.<\/p>\n\n\n\n<div style=\"height:46px\" aria-hidden=\"true\" class=\"wp-block-spacer\"><\/div>\n\n\n\n<div class=\"wp-block-columns is-layout-flex wp-container-core-columns-is-layout-28f84493 wp-block-columns-is-layout-flex\">\n<div class=\"wp-block-column is-layout-flow wp-block-column-is-layout-flow\" style=\"padding-top:0;padding-right:0;padding-bottom:0;padding-left:0\">\n<div class=\"wp-block-media-text is-stacked-on-mobile has-primary-background-color has-background\"><figure class=\"wp-block-media-text__media\"><img loading=\"lazy\" decoding=\"async\" width=\"683\" height=\"1024\" src=\"http:\/\/redoxconnect.org\/wp-content\/uploads\/2025\/01\/RENU28-Woman-Applying-to-Leg-683x1024.jpg\" alt=\"\" class=\"wp-image-233 size-full\" srcset=\"https:\/\/redoxconnect.org\/wp-content\/uploads\/2025\/01\/RENU28-Woman-Applying-to-Leg-683x1024.jpg 683w, https:\/\/redoxconnect.org\/wp-content\/uploads\/2025\/01\/RENU28-Woman-Applying-to-Leg-200x300.jpg 200w, https:\/\/redoxconnect.org\/wp-content\/uploads\/2025\/01\/RENU28-Woman-Applying-to-Leg-2000x3000.jpg 2000w, https:\/\/redoxconnect.org\/wp-content\/uploads\/2025\/01\/RENU28-Woman-Applying-to-Leg-scaled.jpg 1706w\" sizes=\"auto, (max-width: 683px) 100vw, 683px\" \/><\/figure><div class=\"wp-block-media-text__content\">\n<h3 class=\"wp-block-heading has-white-color has-text-color has-medium-font-size\" style=\"margin-top:0;margin-right:0;margin-bottom:0;margin-left:0\">gel Renu 28<\/h3>\n\n\n\n<p class=\"has-secondary-color has-text-color has-link-color wp-elements-4775c55e1520cf91e14b4fc2f4ded127\" style=\"margin-top:0;margin-right:0;margin-bottom:0;margin-left:0\"><a href=\"https:\/\/redoxconnect.org\/index.php\/gel-renu-28\/\" data-type=\"page\" data-id=\"280\">d\u00e9couvrir \u2192<\/a><\/p>\n<\/div><\/div>\n\n\n\n<div class=\"wp-block-media-text is-stacked-on-mobile has-primary-background-color has-background\"><figure class=\"wp-block-media-text__media\"><img loading=\"lazy\" decoding=\"async\" width=\"682\" height=\"1024\" src=\"http:\/\/redoxconnect.org\/wp-content\/uploads\/2025\/01\/EU-ASEA-Hands-Opening-Bottle-WEB-2-682x1024.jpg\" alt=\"\" class=\"wp-image-263 size-full\" srcset=\"https:\/\/redoxconnect.org\/wp-content\/uploads\/2025\/01\/EU-ASEA-Hands-Opening-Bottle-WEB-2-682x1024.jpg 682w, https:\/\/redoxconnect.org\/wp-content\/uploads\/2025\/01\/EU-ASEA-Hands-Opening-Bottle-WEB-2-200x300.jpg 200w, https:\/\/redoxconnect.org\/wp-content\/uploads\/2025\/01\/EU-ASEA-Hands-Opening-Bottle-WEB-2.jpg 713w\" sizes=\"auto, (max-width: 682px) 100vw, 682px\" \/><\/figure><div class=\"wp-block-media-text__content\">\n<h3 class=\"wp-block-heading has-white-color has-text-color has-medium-font-size\" style=\"margin-top:0;margin-right:0;margin-bottom:0;margin-left:0\">bouteille Redox<\/h3>\n\n\n\n<p class=\"has-secondary-color has-text-color has-link-color wp-elements-59be280796985f05b54a5d30e76afbca\" style=\"margin-top:0;margin-right:0;margin-bottom:0;margin-left:0\"><a href=\"https:\/\/redoxconnect.org\/index.php\/bouteille-asea\/\" data-type=\"page\" data-id=\"344\">D\u00e9couvrir \u2192<\/a><\/p>\n<\/div><\/div>\n\n\n\n<div class=\"wp-block-media-text is-stacked-on-mobile has-primary-background-color has-background\"><figure class=\"wp-block-media-text__media\"><img loading=\"lazy\" decoding=\"async\" width=\"615\" height=\"615\" src=\"http:\/\/redoxconnect.org\/wp-content\/uploads\/2025\/02\/radiance-fruit.webp\" alt=\"\" class=\"wp-image-447 size-full\" srcset=\"https:\/\/redoxconnect.org\/wp-content\/uploads\/2025\/02\/radiance-fruit.webp 615w, https:\/\/redoxconnect.org\/wp-content\/uploads\/2025\/02\/radiance-fruit-300x300.webp 300w, https:\/\/redoxconnect.org\/wp-content\/uploads\/2025\/02\/radiance-fruit-150x150.webp 150w\" sizes=\"auto, (max-width: 615px) 100vw, 615px\" \/><\/figure><div class=\"wp-block-media-text__content\">\n<h3 class=\"wp-block-heading has-white-color has-text-color has-medium-font-size\" style=\"margin-top:0;margin-right:0;margin-bottom:0;margin-left:0\">Collag\u00e8ne powered by Redox<\/h3>\n\n\n\n<p class=\"has-secondary-color has-text-color has-link-color wp-elements-cb12586551fe32329fa49fce4a6a59f5\" style=\"margin-top:0;margin-right:0;margin-bottom:0;margin-left:0\"><a href=\"https:\/\/redoxconnect.org\/index.php\/radiance\/\">D\u00e9couvrir \u2192<\/a><\/p>\n<\/div><\/div>\n<\/div>\n\n\n\n<div class=\"wp-block-column is-layout-flow wp-block-column-is-layout-flow\" style=\"padding-top:0;padding-right:0;padding-bottom:0;padding-left:0\">\n<div class=\"wp-block-media-text is-stacked-on-mobile has-primary-background-color has-background\"><figure class=\"wp-block-media-text__media\"><img loading=\"lazy\" decoding=\"async\" width=\"615\" height=\"615\" src=\"http:\/\/redoxconnect.org\/wp-content\/uploads\/2025\/02\/carousel-item-6.webp\" alt=\"\" class=\"wp-image-455 size-full\" srcset=\"https:\/\/redoxconnect.org\/wp-content\/uploads\/2025\/02\/carousel-item-6.webp 615w, https:\/\/redoxconnect.org\/wp-content\/uploads\/2025\/02\/carousel-item-6-300x300.webp 300w, https:\/\/redoxconnect.org\/wp-content\/uploads\/2025\/02\/carousel-item-6-150x150.webp 150w\" sizes=\"auto, (max-width: 615px) 100vw, 615px\" \/><\/figure><div class=\"wp-block-media-text__content\">\n<h3 class=\"wp-block-heading has-white-color has-text-color has-medium-font-size\" style=\"margin-top:0;margin-right:0;margin-bottom:0;margin-left:0\">Energy powered by Redox<\/h3>\n\n\n\n<p class=\"has-secondary-color has-text-color has-link-color wp-elements-c03c49b93175e2e0e1f9f4ee347081d6\" style=\"margin-top:0;margin-right:0;margin-bottom:0;margin-left:0\"><a href=\"https:\/\/redoxconnect.org\/index.php\/energy\/\">D\u00e9couvrir<\/a> \u2192<\/p>\n<\/div><\/div>\n\n\n\n<div class=\"wp-block-media-text is-stacked-on-mobile has-primary-background-color has-background\"><figure class=\"wp-block-media-text__media\"><img loading=\"lazy\" decoding=\"async\" width=\"615\" height=\"615\" src=\"http:\/\/redoxconnect.org\/wp-content\/uploads\/2025\/02\/carousel-item-1.webp\" alt=\"\" class=\"wp-image-437 size-full\" srcset=\"https:\/\/redoxconnect.org\/wp-content\/uploads\/2025\/02\/carousel-item-1.webp 615w, https:\/\/redoxconnect.org\/wp-content\/uploads\/2025\/02\/carousel-item-1-300x300.webp 300w, https:\/\/redoxconnect.org\/wp-content\/uploads\/2025\/02\/carousel-item-1-150x150.webp 150w\" sizes=\"auto, (max-width: 615px) 100vw, 615px\" \/><\/figure><div class=\"wp-block-media-text__content\">\n<h3 class=\"wp-block-heading has-white-color has-text-color has-medium-font-size\" style=\"margin-top:0;margin-right:0;margin-bottom:0;margin-left:0\">Mood powered by Redox<\/h3>\n\n\n\n<p class=\"has-secondary-color has-text-color has-link-color wp-elements-d5f070702ad5a707a2a3df2699932159\" style=\"margin-top:0;margin-right:0;margin-bottom:0;margin-left:0\"><a href=\"https:\/\/redoxconnect.org\/index.php\/asea-mood\/\">D\u00e9couvrir \u2192<\/a><\/p>\n<\/div><\/div>\n<\/div>\n\n\n\n<div class=\"wp-block-column is-layout-flow wp-block-column-is-layout-flow\" style=\"padding-top:0;padding-right:0;padding-bottom:0;padding-left:0\">\n<div class=\"wp-block-media-text is-stacked-on-mobile has-primary-background-color has-background\"><figure class=\"wp-block-media-text__media\"><img loading=\"lazy\" decoding=\"async\" width=\"683\" height=\"1024\" src=\"http:\/\/redoxconnect.org\/wp-content\/uploads\/2025\/01\/RENUAdvanced-Lifestyle-1-US-2-683x1024.jpg\" alt=\"\" class=\"wp-image-264 size-full\" srcset=\"https:\/\/redoxconnect.org\/wp-content\/uploads\/2025\/01\/RENUAdvanced-Lifestyle-1-US-2-683x1024.jpg 683w, https:\/\/redoxconnect.org\/wp-content\/uploads\/2025\/01\/RENUAdvanced-Lifestyle-1-US-2-200x300.jpg 200w, https:\/\/redoxconnect.org\/wp-content\/uploads\/2025\/01\/RENUAdvanced-Lifestyle-1-US-2.jpg 1000w\" sizes=\"auto, (max-width: 683px) 100vw, 683px\" \/><\/figure><div class=\"wp-block-media-text__content\">\n<h3 class=\"wp-block-heading has-white-color has-text-color has-medium-font-size\" style=\"margin-top:0;margin-right:0;margin-bottom:0;margin-left:0\">gamme Advanced<\/h3>\n\n\n\n<p class=\"has-secondary-color has-text-color has-link-color wp-elements-fe265d4bda3702aac4e56bd50e752b8d\" style=\"margin-top:0;margin-right:0;margin-bottom:0;margin-left:0\"><a href=\"https:\/\/redoxconnect.org\/index.php\/gamme-advanced\/\" data-type=\"page\" data-id=\"348\">D\u00e9couvrir \u2192<\/a><\/p>\n<\/div><\/div>\n\n\n\n<div class=\"wp-block-media-text is-stacked-on-mobile has-primary-background-color has-background\"><figure class=\"wp-block-media-text__media\"><img loading=\"lazy\" decoding=\"async\" width=\"683\" height=\"1024\" src=\"http:\/\/redoxconnect.org\/wp-content\/uploads\/2025\/01\/ASEA-REDOX-Performance-Mind-Kitchen-Counter-1-EU-1-683x1024.jpg\" alt=\"\" class=\"wp-image-265 size-full\" srcset=\"https:\/\/redoxconnect.org\/wp-content\/uploads\/2025\/01\/ASEA-REDOX-Performance-Mind-Kitchen-Counter-1-EU-1-683x1024.jpg 683w, https:\/\/redoxconnect.org\/wp-content\/uploads\/2025\/01\/ASEA-REDOX-Performance-Mind-Kitchen-Counter-1-EU-1-200x300.jpg 200w, https:\/\/redoxconnect.org\/wp-content\/uploads\/2025\/01\/ASEA-REDOX-Performance-Mind-Kitchen-Counter-1-EU-1.jpg 1493w\" sizes=\"auto, (max-width: 683px) 100vw, 683px\" \/><\/figure><div class=\"wp-block-media-text__content\">\n<h3 class=\"wp-block-heading has-white-color has-text-color has-medium-font-size\" style=\"margin-top:0;margin-right:0;margin-bottom:0;margin-left:0\">Mind powered by Redox<\/h3>\n\n\n\n<p class=\"has-secondary-color has-text-color has-link-color wp-elements-d998262121b447560e3f3374e8a64dc4\" style=\"margin-top:0;margin-right:0;margin-bottom:0;margin-left:0\"><a href=\"https:\/\/redoxconnect.org\/index.php\/387-2\/\">D\u00e9couvrir \u2192<\/a><\/p>\n<\/div><\/div>\n<\/div>\n<\/div>\n\n\n\n<div style=\"height:103px\" aria-hidden=\"true\" class=\"wp-block-spacer\"><\/div>\n<\/div>\n\n\n\n<h2 class=\"wp-block-heading has-text-align-center\">Les mol\u00e9cules de signalisation Redox sont vitales pour notre organisme.<\/h2>\n\n\n\n<div class=\"wp-block-cover alignfull is-light has-parallax is-position-center-center\" style=\"border-radius:0px\"><span aria-hidden=\"true\" class=\"wp-block-cover__background has-black-background-color has-background-dim-40 has-background-dim\"><\/span><div class=\"wp-block-cover__image-background wp-image-257 has-parallax\" style=\"background-position:50% 50%;background-image:url(http:\/\/redoxconnect.org\/wp-content\/uploads\/2025\/01\/1545916071687.png)\"><\/div><div class=\"wp-block-cover__inner-container is-layout-flow wp-block-cover-is-layout-flow\">\n<div class=\"wp-block-group has-global-padding is-layout-constrained wp-block-group-is-layout-constrained\">\n<h3 class=\"wp-block-heading has-text-align-center has-text-color has-medium-font-size\" style=\"color:#fffffa;text-transform:uppercase\">sans commune mesure<\/h3>\n\n\n\n<p class=\"has-text-align-center has-white-color has-text-color\">Parce que nos produits contiennent des milliards de ces mol\u00e9cules indispensables au fonctionnement cellulaire.<\/p>\n\n\n\n<p class=\"has-text-align-center has-white-color has-text-color\">Parce que BQC Laboratories confirment la pr\u00e9sence de ces mol\u00e9cules dans nos produits en analysant une bouteille sur 4.<\/p>\n\n\n\n<p class=\"has-text-align-center has-white-color has-text-color\">Parce que notre corps fabrique de moins en moins de ces mol\u00e9cules \u00e0 cause du stress, de l&#8217;\u00e2ge, de la pollution.<\/p>\n\n\n\n<div style=\"height:31px\" aria-hidden=\"true\" class=\"wp-block-spacer\"><\/div>\n\n\n\n<div class=\"wp-block-buttons is-horizontal is-content-justification-center is-layout-flex wp-container-core-buttons-is-layout-03627597 wp-block-buttons-is-layout-flex\">\n<div class=\"wp-block-button is-style-outline is-style-outline--1\"><a class=\"wp-block-button__link has-white-color has-text-color wp-element-button\" href=\"https:\/\/redoxconnect.org\/index.php\/acheter-asea\/\" style=\"border-radius:0px\"><strong>J&#8217;ACH\u00c8TE<\/strong><\/a><\/div>\n<\/div>\n<\/div>\n<\/div><\/div>\n","protected":false},"excerpt":{"rendered":"<p>DECOUVERTE REVOLUTIONNAIRE Notre diff\u00e9rence ASEA est une r\u00e9volution car ses produits contiennent des&nbsp;mol\u00e9cules Redox, identiques \u00e0 celles produites naturellement par nos cellules vivantes. Ces mol\u00e9cules jouent un r\u00f4le cl\u00e9 dans la communication cellulaire et la r\u00e9g\u00e9n\u00e9ration. Lorsque vous consommez les produits ASEA, votre corps reconna\u00eet imm\u00e9diatement ces mol\u00e9cules comme les siennes puisqu&#8217;il fabrique lui aussi &hellip; <\/p>\n<p class=\"link-more\"><a href=\"https:\/\/redoxconnect.org\/index.php\/solutions-asea\/\" class=\"more-link\">Read more<span class=\"screen-reader-text\"> &#8220;Solutions Asea&#8221;<\/span><\/a><\/p>\n","protected":false},"author":1,"featured_media":0,"parent":0,"menu_order":0,"comment_status":"closed","ping_status":"closed","template":"","meta":{"_acf_changed":false,"inspiro_hide_title":false,"footnotes":""},"class_list":["post-206","page","type-page","status-publish","hentry"],"acf":[],"yoast_head":"<!-- This site is optimized with the Yoast SEO plugin v24.3 - https:\/\/yoast.com\/wordpress\/plugins\/seo\/ -->\n<title>Solutions Asea - RedoxConnect<\/title>\n<meta name=\"description\" content=\"A chaque sujet de bien-\u00eatre, physique, mental ou psychique, Asea offre une solution adapt\u00e9e, naturelle et r\u00e9volutionnaire gr\u00e2ce aux mol\u00e9cules Redox.\" \/>\n<meta name=\"robots\" content=\"index, follow, max-snippet:-1, max-image-preview:large, max-video-preview:-1\" \/>\n<link rel=\"canonical\" href=\"https:\/\/redoxconnect.org\/index.php\/solutions-asea\/\" \/>\n<meta property=\"og:locale\" content=\"en_US\" \/>\n<meta property=\"og:type\" content=\"article\" \/>\n<meta property=\"og:title\" content=\"Solutions Asea - RedoxConnect\" \/>\n<meta property=\"og:description\" content=\"A chaque sujet de bien-\u00eatre, physique, mental ou psychique, Asea offre une solution adapt\u00e9e, naturelle et r\u00e9volutionnaire gr\u00e2ce aux mol\u00e9cules Redox.\" \/>\n<meta property=\"og:url\" content=\"https:\/\/redoxconnect.org\/index.php\/solutions-asea\/\" \/>\n<meta property=\"og:site_name\" content=\"RedoxConnect\" \/>\n<meta property=\"article:modified_time\" content=\"2025-02-06T11:48:35+00:00\" \/>\n<meta property=\"og:image\" content=\"https:\/\/redoxconnect.org\/wp-content\/uploads\/2025\/01\/RENU28-Woman-Applying-to-Leg-scaled.jpg\" \/>\n\t<meta property=\"og:image:width\" content=\"1706\" \/>\n\t<meta property=\"og:image:height\" content=\"2560\" \/>\n\t<meta property=\"og:image:type\" content=\"image\/jpeg\" \/>\n<meta name=\"twitter:card\" content=\"summary_large_image\" \/>\n<meta name=\"twitter:label1\" content=\"Est. reading time\" \/>\n\t<meta name=\"twitter:data1\" content=\"3 minutes\" \/>\n<script type=\"application\/ld+json\" class=\"yoast-schema-graph\">{\"@context\":\"https:\/\/schema.org\",\"@graph\":[{\"@type\":\"WebPage\",\"@id\":\"https:\/\/redoxconnect.org\/index.php\/solutions-asea\/\",\"url\":\"https:\/\/redoxconnect.org\/index.php\/solutions-asea\/\",\"name\":\"Solutions Asea - RedoxConnect\",\"isPartOf\":{\"@id\":\"https:\/\/redoxconnect.org\/#website\"},\"primaryImageOfPage\":{\"@id\":\"https:\/\/redoxconnect.org\/index.php\/solutions-asea\/#primaryimage\"},\"image\":{\"@id\":\"https:\/\/redoxconnect.org\/index.php\/solutions-asea\/#primaryimage\"},\"thumbnailUrl\":\"http:\/\/redoxconnect.org\/wp-content\/uploads\/2025\/01\/RENU28-Woman-Applying-to-Leg-683x1024.jpg\",\"datePublished\":\"2025-01-27T14:26:55+00:00\",\"dateModified\":\"2025-02-06T11:48:35+00:00\",\"description\":\"A chaque sujet de bien-\u00eatre, physique, mental ou psychique, Asea offre une solution adapt\u00e9e, naturelle et r\u00e9volutionnaire gr\u00e2ce aux mol\u00e9cules Redox.\",\"breadcrumb\":{\"@id\":\"https:\/\/redoxconnect.org\/index.php\/solutions-asea\/#breadcrumb\"},\"inLanguage\":\"en-US\",\"potentialAction\":[{\"@type\":\"ReadAction\",\"target\":[\"https:\/\/redoxconnect.org\/index.php\/solutions-asea\/\"]}]},{\"@type\":\"ImageObject\",\"inLanguage\":\"en-US\",\"@id\":\"https:\/\/redoxconnect.org\/index.php\/solutions-asea\/#primaryimage\",\"url\":\"https:\/\/redoxconnect.org\/wp-content\/uploads\/2025\/01\/RENU28-Woman-Applying-to-Leg-scaled.jpg\",\"contentUrl\":\"https:\/\/redoxconnect.org\/wp-content\/uploads\/2025\/01\/RENU28-Woman-Applying-to-Leg-scaled.jpg\",\"width\":1706,\"height\":2560},{\"@type\":\"BreadcrumbList\",\"@id\":\"https:\/\/redoxconnect.org\/index.php\/solutions-asea\/#breadcrumb\",\"itemListElement\":[{\"@type\":\"ListItem\",\"position\":1,\"name\":\"Accueil\",\"item\":\"https:\/\/redoxconnect.org\/\"},{\"@type\":\"ListItem\",\"position\":2,\"name\":\"Solutions Asea\"}]},{\"@type\":\"WebSite\",\"@id\":\"https:\/\/redoxconnect.org\/#website\",\"url\":\"https:\/\/redoxconnect.org\/\",\"name\":\"RedoxConnect\",\"description\":\"Une approche holistique pour un bien \u00eatre total\",\"publisher\":{\"@id\":\"https:\/\/redoxconnect.org\/#organization\"},\"potentialAction\":[{\"@type\":\"SearchAction\",\"target\":{\"@type\":\"EntryPoint\",\"urlTemplate\":\"https:\/\/redoxconnect.org\/?s={search_term_string}\"},\"query-input\":{\"@type\":\"PropertyValueSpecification\",\"valueRequired\":true,\"valueName\":\"search_term_string\"}}],\"inLanguage\":\"en-US\"},{\"@type\":\"Organization\",\"@id\":\"https:\/\/redoxconnect.org\/#organization\",\"name\":\"RedoxConnect\",\"url\":\"https:\/\/redoxconnect.org\/\",\"logo\":{\"@type\":\"ImageObject\",\"inLanguage\":\"en-US\",\"@id\":\"https:\/\/redoxconnect.org\/#\/schema\/logo\/image\/\",\"url\":\"https:\/\/redoxconnect.org\/wp-content\/uploads\/2025\/02\/logo-redox-connect-2_1.jpg\",\"contentUrl\":\"https:\/\/redoxconnect.org\/wp-content\/uploads\/2025\/02\/logo-redox-connect-2_1.jpg\",\"caption\":\"RedoxConnect\"},\"image\":{\"@id\":\"https:\/\/redoxconnect.org\/#\/schema\/logo\/image\/\"}}]}<\/script>\n<!-- \/ Yoast SEO plugin. -->","yoast_head_json":{"title":"Solutions Asea - RedoxConnect","description":"A chaque sujet de bien-\u00eatre, physique, mental ou psychique, Asea offre une solution adapt\u00e9e, naturelle et r\u00e9volutionnaire gr\u00e2ce aux mol\u00e9cules Redox.","robots":{"index":"index","follow":"follow","max-snippet":"max-snippet:-1","max-image-preview":"max-image-preview:large","max-video-preview":"max-video-preview:-1"},"canonical":"https:\/\/redoxconnect.org\/index.php\/solutions-asea\/","og_locale":"en_US","og_type":"article","og_title":"Solutions Asea - RedoxConnect","og_description":"A chaque sujet de bien-\u00eatre, physique, mental ou psychique, Asea offre une solution adapt\u00e9e, naturelle et r\u00e9volutionnaire gr\u00e2ce aux mol\u00e9cules Redox.","og_url":"https:\/\/redoxconnect.org\/index.php\/solutions-asea\/","og_site_name":"RedoxConnect","article_modified_time":"2025-02-06T11:48:35+00:00","og_image":[{"width":1706,"height":2560,"url":"https:\/\/redoxconnect.org\/wp-content\/uploads\/2025\/01\/RENU28-Woman-Applying-to-Leg-scaled.jpg","type":"image\/jpeg"}],"twitter_card":"summary_large_image","twitter_misc":{"Est. reading time":"3 minutes"},"schema":{"@context":"https:\/\/schema.org","@graph":[{"@type":"WebPage","@id":"https:\/\/redoxconnect.org\/index.php\/solutions-asea\/","url":"https:\/\/redoxconnect.org\/index.php\/solutions-asea\/","name":"Solutions Asea - RedoxConnect","isPartOf":{"@id":"https:\/\/redoxconnect.org\/#website"},"primaryImageOfPage":{"@id":"https:\/\/redoxconnect.org\/index.php\/solutions-asea\/#primaryimage"},"image":{"@id":"https:\/\/redoxconnect.org\/index.php\/solutions-asea\/#primaryimage"},"thumbnailUrl":"http:\/\/redoxconnect.org\/wp-content\/uploads\/2025\/01\/RENU28-Woman-Applying-to-Leg-683x1024.jpg","datePublished":"2025-01-27T14:26:55+00:00","dateModified":"2025-02-06T11:48:35+00:00","description":"A chaque sujet de bien-\u00eatre, physique, mental ou psychique, Asea offre une solution adapt\u00e9e, naturelle et r\u00e9volutionnaire gr\u00e2ce aux mol\u00e9cules Redox.","breadcrumb":{"@id":"https:\/\/redoxconnect.org\/index.php\/solutions-asea\/#breadcrumb"},"inLanguage":"en-US","potentialAction":[{"@type":"ReadAction","target":["https:\/\/redoxconnect.org\/index.php\/solutions-asea\/"]}]},{"@type":"ImageObject","inLanguage":"en-US","@id":"https:\/\/redoxconnect.org\/index.php\/solutions-asea\/#primaryimage","url":"https:\/\/redoxconnect.org\/wp-content\/uploads\/2025\/01\/RENU28-Woman-Applying-to-Leg-scaled.jpg","contentUrl":"https:\/\/redoxconnect.org\/wp-content\/uploads\/2025\/01\/RENU28-Woman-Applying-to-Leg-scaled.jpg","width":1706,"height":2560},{"@type":"BreadcrumbList","@id":"https:\/\/redoxconnect.org\/index.php\/solutions-asea\/#breadcrumb","itemListElement":[{"@type":"ListItem","position":1,"name":"Accueil","item":"https:\/\/redoxconnect.org\/"},{"@type":"ListItem","position":2,"name":"Solutions Asea"}]},{"@type":"WebSite","@id":"https:\/\/redoxconnect.org\/#website","url":"https:\/\/redoxconnect.org\/","name":"RedoxConnect","description":"Une approche holistique pour un bien \u00eatre total","publisher":{"@id":"https:\/\/redoxconnect.org\/#organization"},"potentialAction":[{"@type":"SearchAction","target":{"@type":"EntryPoint","urlTemplate":"https:\/\/redoxconnect.org\/?s={search_term_string}"},"query-input":{"@type":"PropertyValueSpecification","valueRequired":true,"valueName":"search_term_string"}}],"inLanguage":"en-US"},{"@type":"Organization","@id":"https:\/\/redoxconnect.org\/#organization","name":"RedoxConnect","url":"https:\/\/redoxconnect.org\/","logo":{"@type":"ImageObject","inLanguage":"en-US","@id":"https:\/\/redoxconnect.org\/#\/schema\/logo\/image\/","url":"https:\/\/redoxconnect.org\/wp-content\/uploads\/2025\/02\/logo-redox-connect-2_1.jpg","contentUrl":"https:\/\/redoxconnect.org\/wp-content\/uploads\/2025\/02\/logo-redox-connect-2_1.jpg","caption":"RedoxConnect"},"image":{"@id":"https:\/\/redoxconnect.org\/#\/schema\/logo\/image\/"}}]}},"_links":{"self":[{"href":"https:\/\/redoxconnect.org\/index.php\/wp-json\/wp\/v2\/pages\/206","targetHints":{"allow":["GET"]}}],"collection":[{"href":"https:\/\/redoxconnect.org\/index.php\/wp-json\/wp\/v2\/pages"}],"about":[{"href":"https:\/\/redoxconnect.org\/index.php\/wp-json\/wp\/v2\/types\/page"}],"author":[{"embeddable":true,"href":"https:\/\/redoxconnect.org\/index.php\/wp-json\/wp\/v2\/users\/1"}],"replies":[{"embeddable":true,"href":"https:\/\/redoxconnect.org\/index.php\/wp-json\/wp\/v2\/comments?post=206"}],"version-history":[{"count":18,"href":"https:\/\/redoxconnect.org\/index.php\/wp-json\/wp\/v2\/pages\/206\/revisions"}],"predecessor-version":[{"id":632,"href":"https:\/\/redoxconnect.org\/index.php\/wp-json\/wp\/v2\/pages\/206\/revisions\/632"}],"wp:attachment":[{"href":"https:\/\/redoxconnect.org\/index.php\/wp-json\/wp\/v2\/media?parent=206"}],"curies":[{"name":"wp","href":"https:\/\/api.w.org\/{rel}","templated":true}]}}