{"id":380,"date":"2025-01-29T02:44:39","date_gmt":"2025-01-29T01:44:39","guid":{"rendered":"https:\/\/redoxconnect.org\/?page_id=380"},"modified":"2025-02-04T23:51:28","modified_gmt":"2025-02-04T22:51:28","slug":"accueil","status":"publish","type":"page","link":"https:\/\/redoxconnect.org\/","title":{"rendered":"Les mol\u00e9cules redox&#8230;"},"content":{"rendered":"\n<p><strong>&#8230;sont les mol\u00e9cules responsables de la sant\u00e9 cellulaire et de la communication entre les cellules.<\/strong> Elles sont fabriqu\u00e9es en permanence par chacune de nos cellules. Seulement, le stress, la pollution, notre alimentation, l&#8217;\u00e2ge, font d\u00e9croitre cette production. Pourtant, vivre sans ces mol\u00e9cules, c&#8217;est comme essayer de vivre sans eau, ou sans oxyg\u00e8ne.<\/p>\n\n\n\n<p><strong>D\u00e9couvrez sur ce site le pouvoir de ces mol\u00e9cules et la possibilit\u00e9 r\u00e9volutionnaire de pouvoir en apporter \u00e0 son corps.<\/strong><\/p>\n","protected":false},"excerpt":{"rendered":"<p>&#8230;sont les mol\u00e9cules responsables de la sant\u00e9 cellulaire et de la communication entre les cellules. Elles sont fabriqu\u00e9es en permanence par chacune de nos cellules. Seulement, le stress, la pollution, notre alimentation, l&#8217;\u00e2ge, font d\u00e9croitre cette production. Pourtant, vivre sans ces mol\u00e9cules, c&#8217;est comme essayer de vivre sans eau, ou sans oxyg\u00e8ne. D\u00e9couvrez sur ce &hellip; <\/p>\n<p class=\"link-more\"><a href=\"https:\/\/redoxconnect.org\/\" class=\"more-link\">Read more<span class=\"screen-reader-text\"> &#8220;Les mol\u00e9cules redox&#8230;&#8221;<\/span><\/a><\/p>\n","protected":false},"author":1,"featured_media":0,"parent":0,"menu_order":0,"comment_status":"closed","ping_status":"closed","template":"","meta":{"_acf_changed":false,"inspiro_hide_title":false,"footnotes":""},"class_list":["post-380","page","type-page","status-publish","hentry"],"acf":[],"yoast_head":"<!-- This site is optimized with the Yoast SEO plugin v24.3 - https:\/\/yoast.com\/wordpress\/plugins\/seo\/ -->\n<title>Les mol\u00e9cules redox... - RedoxConnect<\/title>\n<meta name=\"robots\" content=\"index, follow, max-snippet:-1, max-image-preview:large, max-video-preview:-1\" \/>\n<link rel=\"canonical\" href=\"https:\/\/redoxconnect.org\/\" \/>\n<meta property=\"og:locale\" content=\"en_US\" \/>\n<meta property=\"og:type\" content=\"article\" \/>\n<meta property=\"og:title\" content=\"Les mol\u00e9cules redox... - RedoxConnect\" \/>\n<meta property=\"og:description\" content=\"&#8230;sont les mol\u00e9cules responsables de la sant\u00e9 cellulaire et de la communication entre les cellules. Elles sont fabriqu\u00e9es en permanence par chacune de nos cellules. Seulement, le stress, la pollution, notre alimentation, l&#8217;\u00e2ge, font d\u00e9croitre cette production. Pourtant, vivre sans ces mol\u00e9cules, c&#8217;est comme essayer de vivre sans eau, ou sans oxyg\u00e8ne. D\u00e9couvrez sur ce &hellip; Read more &quot;Les mol\u00e9cules redox&#8230;&quot;\" \/>\n<meta property=\"og:url\" content=\"https:\/\/redoxconnect.org\/\" \/>\n<meta property=\"og:site_name\" content=\"RedoxConnect\" \/>\n<meta property=\"article:modified_time\" content=\"2025-02-04T22:51:28+00:00\" \/>\n<meta name=\"twitter:card\" content=\"summary_large_image\" \/>\n<meta name=\"twitter:label1\" content=\"Est. reading time\" \/>\n\t<meta name=\"twitter:data1\" content=\"1 minute\" \/>\n<script type=\"application\/ld+json\" class=\"yoast-schema-graph\">{\"@context\":\"https:\/\/schema.org\",\"@graph\":[{\"@type\":\"WebPage\",\"@id\":\"https:\/\/redoxconnect.org\/\",\"url\":\"https:\/\/redoxconnect.org\/\",\"name\":\"Les mol\u00e9cules redox... - RedoxConnect\",\"isPartOf\":{\"@id\":\"https:\/\/redoxconnect.org\/#website\"},\"datePublished\":\"2025-01-29T01:44:39+00:00\",\"dateModified\":\"2025-02-04T22:51:28+00:00\",\"breadcrumb\":{\"@id\":\"https:\/\/redoxconnect.org\/#breadcrumb\"},\"inLanguage\":\"en-US\",\"potentialAction\":[{\"@type\":\"ReadAction\",\"target\":[\"https:\/\/redoxconnect.org\/\"]}]},{\"@type\":\"BreadcrumbList\",\"@id\":\"https:\/\/redoxconnect.org\/#breadcrumb\",\"itemListElement\":[{\"@type\":\"ListItem\",\"position\":1,\"name\":\"Accueil\",\"item\":\"https:\/\/redoxconnect.org\/\"},{\"@type\":\"ListItem\",\"position\":2,\"name\":\"Les mol\u00e9cules redox&#8230;\"}]},{\"@type\":\"WebSite\",\"@id\":\"https:\/\/redoxconnect.org\/#website\",\"url\":\"https:\/\/redoxconnect.org\/\",\"name\":\"RedoxConnect\",\"description\":\"Une approche holistique pour un bien \u00eatre total\",\"publisher\":{\"@id\":\"https:\/\/redoxconnect.org\/#organization\"},\"potentialAction\":[{\"@type\":\"SearchAction\",\"target\":{\"@type\":\"EntryPoint\",\"urlTemplate\":\"https:\/\/redoxconnect.org\/?s={search_term_string}\"},\"query-input\":{\"@type\":\"PropertyValueSpecification\",\"valueRequired\":true,\"valueName\":\"search_term_string\"}}],\"inLanguage\":\"en-US\"},{\"@type\":\"Organization\",\"@id\":\"https:\/\/redoxconnect.org\/#organization\",\"name\":\"RedoxConnect\",\"url\":\"https:\/\/redoxconnect.org\/\",\"logo\":{\"@type\":\"ImageObject\",\"inLanguage\":\"en-US\",\"@id\":\"https:\/\/redoxconnect.org\/#\/schema\/logo\/image\/\",\"url\":\"https:\/\/redoxconnect.org\/wp-content\/uploads\/2025\/02\/logo-redox-connect-2_1.jpg\",\"contentUrl\":\"https:\/\/redoxconnect.org\/wp-content\/uploads\/2025\/02\/logo-redox-connect-2_1.jpg\",\"caption\":\"RedoxConnect\"},\"image\":{\"@id\":\"https:\/\/redoxconnect.org\/#\/schema\/logo\/image\/\"}}]}<\/script>\n<!-- \/ Yoast SEO plugin. -->","yoast_head_json":{"title":"Les mol\u00e9cules redox... - RedoxConnect","robots":{"index":"index","follow":"follow","max-snippet":"max-snippet:-1","max-image-preview":"max-image-preview:large","max-video-preview":"max-video-preview:-1"},"canonical":"https:\/\/redoxconnect.org\/","og_locale":"en_US","og_type":"article","og_title":"Les mol\u00e9cules redox... - RedoxConnect","og_description":"&#8230;sont les mol\u00e9cules responsables de la sant\u00e9 cellulaire et de la communication entre les cellules. Elles sont fabriqu\u00e9es en permanence par chacune de nos cellules. Seulement, le stress, la pollution, notre alimentation, l&#8217;\u00e2ge, font d\u00e9croitre cette production. Pourtant, vivre sans ces mol\u00e9cules, c&#8217;est comme essayer de vivre sans eau, ou sans oxyg\u00e8ne. D\u00e9couvrez sur ce &hellip; Read more \"Les mol\u00e9cules redox&#8230;\"","og_url":"https:\/\/redoxconnect.org\/","og_site_name":"RedoxConnect","article_modified_time":"2025-02-04T22:51:28+00:00","twitter_card":"summary_large_image","twitter_misc":{"Est. reading time":"1 minute"},"schema":{"@context":"https:\/\/schema.org","@graph":[{"@type":"WebPage","@id":"https:\/\/redoxconnect.org\/","url":"https:\/\/redoxconnect.org\/","name":"Les mol\u00e9cules redox... - RedoxConnect","isPartOf":{"@id":"https:\/\/redoxconnect.org\/#website"},"datePublished":"2025-01-29T01:44:39+00:00","dateModified":"2025-02-04T22:51:28+00:00","breadcrumb":{"@id":"https:\/\/redoxconnect.org\/#breadcrumb"},"inLanguage":"en-US","potentialAction":[{"@type":"ReadAction","target":["https:\/\/redoxconnect.org\/"]}]},{"@type":"BreadcrumbList","@id":"https:\/\/redoxconnect.org\/#breadcrumb","itemListElement":[{"@type":"ListItem","position":1,"name":"Accueil","item":"https:\/\/redoxconnect.org\/"},{"@type":"ListItem","position":2,"name":"Les mol\u00e9cules redox&#8230;"}]},{"@type":"WebSite","@id":"https:\/\/redoxconnect.org\/#website","url":"https:\/\/redoxconnect.org\/","name":"RedoxConnect","description":"Une approche holistique pour un bien \u00eatre total","publisher":{"@id":"https:\/\/redoxconnect.org\/#organization"},"potentialAction":[{"@type":"SearchAction","target":{"@type":"EntryPoint","urlTemplate":"https:\/\/redoxconnect.org\/?s={search_term_string}"},"query-input":{"@type":"PropertyValueSpecification","valueRequired":true,"valueName":"search_term_string"}}],"inLanguage":"en-US"},{"@type":"Organization","@id":"https:\/\/redoxconnect.org\/#organization","name":"RedoxConnect","url":"https:\/\/redoxconnect.org\/","logo":{"@type":"ImageObject","inLanguage":"en-US","@id":"https:\/\/redoxconnect.org\/#\/schema\/logo\/image\/","url":"https:\/\/redoxconnect.org\/wp-content\/uploads\/2025\/02\/logo-redox-connect-2_1.jpg","contentUrl":"https:\/\/redoxconnect.org\/wp-content\/uploads\/2025\/02\/logo-redox-connect-2_1.jpg","caption":"RedoxConnect"},"image":{"@id":"https:\/\/redoxconnect.org\/#\/schema\/logo\/image\/"}}]}},"_links":{"self":[{"href":"https:\/\/redoxconnect.org\/index.php\/wp-json\/wp\/v2\/pages\/380","targetHints":{"allow":["GET"]}}],"collection":[{"href":"https:\/\/redoxconnect.org\/index.php\/wp-json\/wp\/v2\/pages"}],"about":[{"href":"https:\/\/redoxconnect.org\/index.php\/wp-json\/wp\/v2\/types\/page"}],"author":[{"embeddable":true,"href":"https:\/\/redoxconnect.org\/index.php\/wp-json\/wp\/v2\/users\/1"}],"replies":[{"embeddable":true,"href":"https:\/\/redoxconnect.org\/index.php\/wp-json\/wp\/v2\/comments?post=380"}],"version-history":[{"count":3,"href":"https:\/\/redoxconnect.org\/index.php\/wp-json\/wp\/v2\/pages\/380\/revisions"}],"predecessor-version":[{"id":506,"href":"https:\/\/redoxconnect.org\/index.php\/wp-json\/wp\/v2\/pages\/380\/revisions\/506"}],"wp:attachment":[{"href":"https:\/\/redoxconnect.org\/index.php\/wp-json\/wp\/v2\/media?parent=380"}],"curies":[{"name":"wp","href":"https:\/\/api.w.org\/{rel}","templated":true}]}}